{"id":83,"date":"2024-04-06T13:22:28","date_gmt":"2024-04-06T11:22:28","guid":{"rendered":"https:\/\/kvety.leopoldov.net\/?page_id=83"},"modified":"2024-04-09T20:59:00","modified_gmt":"2024-04-09T18:59:00","slug":"ako-na-rezane-kvety","status":"publish","type":"page","link":"https:\/\/kvety.leopoldov.net\/index.php\/ako-na-rezane-kvety\/","title":{"rendered":"Ako na rezan\u00e9 kvety"},"content":{"rendered":"\t\t<div data-elementor-type=\"wp-page\" data-elementor-id=\"83\" class=\"elementor elementor-83\" data-elementor-post-type=\"page\">\n\t\t\t\t<div class=\"elementor-element elementor-element-73625050 e-flex e-con-boxed e-con e-parent\" data-id=\"73625050\" data-element_type=\"container\">\n\t\t\t\t\t<div class=\"e-con-inner\">\n\t\t\t\t<div class=\"elementor-element elementor-element-64511d8e elementor-invisible elementor-widget elementor-widget-text-editor\" data-id=\"64511d8e\" data-element_type=\"widget\" data-settings=\"{&quot;_animation&quot;:&quot;fadeIn&quot;}\" data-widget_type=\"text-editor.default\">\n\t\t\t\t<div class=\"elementor-widget-container\">\n\t\t\t\t\t\t\t\t\t\n<ol>\n<li><em>Hne\u010f po pr\u00edchode domov odstr\u00e1\u0148te listy, ktor\u00e9 bud\u00fa pod hladinou vody vo v\u00e1ze.<\/em><\/li>\n<li><em>Ostr\u00fdmi no\u017enicami alebo no\u017eom znovu zre\u017ete stonky kvetov.<\/em><\/li>\n<li><em>Pou\u017eite v\u017edy \u010dist\u00fa v\u00e1zu.<\/em><\/li>\n<li><em>Udr\u017eujte v\u00e1zu \u010dist\u00fa a pln\u00fa \u010distej vody s v\u00fd\u017eivou na pred\u013a\u017eenie \u017eivotnosti kvetov.<\/em><\/li>\n<li><em>Ak je ako z\u00e1klad pou\u017eit\u00fd florex, nechajte ho dostato\u010dne nasa\u0165 tepl\u00fa vodu s v\u00fd\u017eivou na pred\u013a\u017eenie \u017eivotnosti a ak sa d\u00e1, znovu zre\u017ete stonky kvetov.<\/em><\/li>\n<li><em>Vystavte kyticu alebo aran\u017em\u00e1n na chladnom mieste mimo dosahu priameho slne\u010dn\u00e9ho svetla. Vyhnite sa pr\u00edli\u0161 studen\u00fdm alebo tepl\u00fdm priestorom.<\/em><\/li>\n<\/ol>\n<h3><br \/><em>\u010ci sa jedn\u00e1 o rezan\u00e9 kvety vypestovan\u00e9 vami doma alebo odborn\u00edkmi v komer\u010dnom sklen\u00edku, starostlivos\u0165 o ne je veda.<\/em><\/h3>\n\n<p><br \/>Aby ste udr\u017eali rezan\u00e9 kvety pekn\u00e9 dlh\u0161ie, pam\u00e4tajte v\u017edy na to, \u017ee boli oddelen\u00e9 od svojho zdroja vody, kore\u0148ov\u00e9ho syst\u00e9mu, a ak ich do vody \u010d\u00edm sk\u00f4r neumiestnite ve\u013emi r\u00fdchlo zv\u00e4dn\u00fa. Zrezan\u00e9 stonky by mali by\u0165 ponoren\u00e9 do vody okam\u017eite, preto\u017ee do plet\u00edv nasiaknut\u00fdch vodou sa ve\u013emi r\u00fdchlo dostane vzduch a zabr\u00e1ni pr\u00edvodu \u010fal\u0161ej vody do rastliny. A to je d\u00f4vod, pre\u010do je potrebn\u00e9 kvety, ktor\u00e9 boli dlh\u0161ie vybrat\u00e9 z vody, znovu zreza\u0165 pred t\u00fdm ako ich umiestnime znovu do vody. Odstr\u00e1nen\u00edm zavzdu\u0161nen\u00fdch stoniek sa znovu obnov\u00ed pr\u00edsun vody ku kvetu. Rez m\u00f4\u017ee by\u0165 uroben\u00fd pod vodou aby sa zabr\u00e1nilo ak\u00e9muko\u013evek vstupu vzduchu do stonky.\u00a0Rezan\u00fd kvet je tie\u017e oddelen\u00fd od hlavn\u00e9ho zdroja v\u00fd\u017eivy \u2013 od v\u00e4\u010d\u0161iny listov na rastline. Hoci nejak\u00e9 listy na rezanom kvete zost\u00e1vaj\u00fa, v miestnosti kde s\u00fa redukovan\u00e9 sveteln\u00e9 podmienky, v\u00fd\u017eiva prostredn\u00edctvom nich nie je posta\u010duj\u00faca. Preto pou\u017e\u00edvajte pr\u00edpravky na pred\u013a\u017eenie \u017eivotnosti.\u00a0Mali by ste v\u017edy pou\u017e\u00edva\u0165 komer\u010dn\u00e9 pr\u00edpravky predl\u017euj\u00face \u017eivot rezan\u00fdch kvetov. (prid\u00e1vanie aspir\u00ednu, octu, v\u00edna alebo minc\u00ed do vody s kvetmi ur\u010dite kvetom \u017eivotnos\u0165 nepred\u013a\u017ei). Pr\u00edpravok na pred\u013a\u017eenie \u017eivotnosti kvetov je kompletn\u00e1 zmes sacharidov, okysli\u010dova\u010dov a inhib\u00edtorov mikroorganizmov a inhib\u00edtorov d\u00fdchania. Sacharidy sl\u00fa\u017eia ako zdroj energie a nahradzuj\u00fa straty sp\u00f4soben\u00e9 stratou listovej plochy a zais\u0165uj\u00fa kontinu\u00e1lny v\u00fdvoj a dlh\u00fa \u017eivotnos\u0165 kvetov. Okysli\u010dova\u010de zni\u017euj\u00fa pH vody a t\u00fdm ho pribli\u017euj\u00fa pH bunkovej plazmy. V\u00e4\u010d\u0161ina vodn\u00fdch zdrojov je alkalick\u00e1 a m\u00f4\u017ee zni\u017eova\u0165 \u017eivotnos\u0165 rezan\u00fdch kvetov. Okysli\u010dova\u010d tie\u017e stabilizuje pigmenty a farbu kvetu. To je aj d\u00f4vod pre\u010do sa niektor\u00e9 \u010derven\u00e9 kvety zmenia na modr\u00e9 ak sa vlo\u017eia do vody bez pr\u00edpravku na pred\u013a\u017eenie \u017eivotnosti alebo bez okysli\u010dova\u010da.\u00a0Inhib\u00edtor rastu mikroorganizmov je pravdepodobne najd\u00f4le\u017eitej\u0161ia zlo\u017eka pr\u00edpravku na pred\u013a\u017eenie \u017eivotnosti kvetov. Bakt\u00e9rie a sp\u00f3ry h\u00fab sa nach\u00e1dzaj\u00fa v\u0161ade v\u017edy pripraven\u00e9 pri\u013en\u00fa\u0165 na rezn\u00fa ranu na stonke kvetu a \u010falej sa rozmno\u017eova\u0165. Pred t\u00fdm ako vznikn\u00fa vidite\u013en\u00e9 sympt\u00f3my hniloby, mikroorganizmy m\u00f4\u017eu zablokova\u0165 vodu transportuj\u00face pletiv\u00e1 a spoma\u013euj\u00fa transport vody do kvetu.\u00a0Voda a hlavne jej pr\u00edjem rastlinou je hlavn\u00fd faktor udr\u017euj\u00faci rezan\u00e9 kvety \u010derstv\u00e9. Udr\u017eovan\u00edm \u010distej v\u00e1zy m\u00f4\u017eeme pr\u00edpravku na pred\u013a\u017eenie \u017eivotnosti pom\u00f4c\u0165 spomali\u0165 mikroorganizmy a tie\u017e odstr\u00e1nen\u00edm v\u0161etk\u00fdch listov spod hladiny vody zabr\u00e1nime hnilobn\u00fdm procesom a pokazeniu vody vo v\u00e1ze.\u00a0Maxim\u00e1lny pr\u00edjem vody zabezpe\u010d\u00edme procesom nazvan\u00fdm \u201ehardening\u201c. Znamen\u00e1 jednoduch\u00e9 umiestnenie \u010derstvo zrezan\u00fdch stoniek do 45 \u00b0C vody s pr\u00eddavkom pr\u00edpravku na pred\u013a\u017eenie \u017eivotnosti. Umiestnite ich potom na jednu a\u017e dve hodiny na chladn\u00e9 miesto. V\u010faka zv\u00fd\u0161eniu kinetickej energie molek\u00fal vody vy\u0161\u0161ou teplotou sa tieto r\u00fdchlej\u0161ie pohybuj\u00fa a r\u00fdchlej\u0161ie potom prenikaj\u00fa do plet\u00edv rastliny. Kvety pri ni\u017e\u0161ej teplote str\u00e1caj\u00fa menej vody, preto po\u010das chladnutia vody sa stonky, listy a kvety sna\u017eia nasa\u0165 \u010do najviac vody aby si vytvorili dostato\u010dn\u00fa z\u00e1sobu na pred\u013a\u017eenie \u017eivotnosti.<\/p>\n\t\t\t\t\t\t\t\t<\/div>\n\t\t\t\t<\/div>\n\t\t\t\t\t<\/div>\n\t\t\t\t<\/div>\n\t\t\t\t<\/div>\n\t\t","protected":false},"excerpt":{"rendered":"<p>Hne\u010f po pr\u00edchode domov odstr\u00e1\u0148te listy, ktor\u00e9 bud\u00fa pod hladinou vody vo v\u00e1ze. Ostr\u00fdmi no\u017enicami alebo no\u017eom znovu zre\u017ete stonky kvetov. Pou\u017eite v\u017edy \u010dist\u00fa v\u00e1zu. Udr\u017eujte v\u00e1zu \u010dist\u00fa a pln\u00fa \u010distej vody s v\u00fd\u017eivou na pred\u013a\u017eenie \u017eivotnosti kvetov. Ak je ako z\u00e1klad pou\u017eit\u00fd florex, nechajte ho dostato\u010dne nasa\u0165 tepl\u00fa vodu s v\u00fd\u017eivou na pred\u013a\u017eenie \u017eivotnosti [&hellip;]<\/p>\n","protected":false},"author":1,"featured_media":0,"parent":0,"menu_order":0,"comment_status":"closed","ping_status":"closed","template":"","meta":{"ngg_post_thumbnail":0,"footnotes":""},"class_list":["post-83","page","type-page","status-publish","hentry"],"_links":{"self":[{"href":"https:\/\/kvety.leopoldov.net\/index.php\/wp-json\/wp\/v2\/pages\/83","targetHints":{"allow":["GET"]}}],"collection":[{"href":"https:\/\/kvety.leopoldov.net\/index.php\/wp-json\/wp\/v2\/pages"}],"about":[{"href":"https:\/\/kvety.leopoldov.net\/index.php\/wp-json\/wp\/v2\/types\/page"}],"author":[{"embeddable":true,"href":"https:\/\/kvety.leopoldov.net\/index.php\/wp-json\/wp\/v2\/users\/1"}],"replies":[{"embeddable":true,"href":"https:\/\/kvety.leopoldov.net\/index.php\/wp-json\/wp\/v2\/comments?post=83"}],"version-history":[{"count":13,"href":"https:\/\/kvety.leopoldov.net\/index.php\/wp-json\/wp\/v2\/pages\/83\/revisions"}],"predecessor-version":[{"id":143,"href":"https:\/\/kvety.leopoldov.net\/index.php\/wp-json\/wp\/v2\/pages\/83\/revisions\/143"}],"wp:attachment":[{"href":"https:\/\/kvety.leopoldov.net\/index.php\/wp-json\/wp\/v2\/media?parent=83"}],"curies":[{"name":"wp","href":"https:\/\/api.w.org\/{rel}","templated":true}]}}