{"id":92,"date":"2024-04-06T13:49:33","date_gmt":"2024-04-06T11:49:33","guid":{"rendered":"https:\/\/kvety.leopoldov.net\/?page_id=92"},"modified":"2025-09-22T10:36:55","modified_gmt":"2025-09-22T08:36:55","slug":"kontakt","status":"publish","type":"page","link":"https:\/\/kvety.leopoldov.net\/index.php\/kontakt\/","title":{"rendered":"Kontakt"},"content":{"rendered":"\t\t<div data-elementor-type=\"wp-page\" data-elementor-id=\"92\" class=\"elementor elementor-92\" data-elementor-post-type=\"page\">\n\t\t\t\t<div class=\"elementor-element elementor-element-e1aeb74 e-flex e-con-boxed e-con e-parent\" data-id=\"e1aeb74\" data-element_type=\"container\">\n\t\t\t\t\t<div class=\"e-con-inner\">\n\t\t\t\t<div class=\"elementor-element elementor-element-6a81b65 elementor-widget elementor-widget-text-editor\" data-id=\"6a81b65\" data-element_type=\"widget\" data-widget_type=\"text-editor.default\">\n\t\t\t\t<div class=\"elementor-widget-container\">\n\t\t\t\t\t\t\t\t\t<div style=\"text-align: center;\">\n<table style=\"height: 293px;\" border=\"0\" width=\"512\">\n<tbody>\n<tr>\n<th valign=\"middle\">\n<pre><strong><span style=\"font-size: x-large;\">M\u00e1ria Petrusov\u00e1 Kvetin\u00e1rstvo JANKA<\/span><\/strong>\n\n<span style=\"font-size: x-large;\">N\u00e1m. sv. Ign\u00e1ca 13, Dom slu\u017eieb,&nbsp;<\/span><span style=\"font-size: x-large; text-align: -webkit-match-parent;\">Leopoldov,&nbsp;<\/span><span style=\"font-size: x-large; text-align: -webkit-match-parent;\">920 41<\/span>\n\n<strong><span style=\"font-size: x-large;\">Tel : +421 904 654 222<\/span><\/strong><\/pre>\n<pre><strong><span style=\"font-size: x-large;\">e-mail: kvety@leopoldov.net<\/span><\/strong><\/pre>\n<pre><span style=\"font-size: x-large;\">I\u010cO: 37253140  DI\u010c: 1045986084<\/span><\/pre>\n<\/th>\n<\/tr>\n<\/tbody>\n<\/table>\n<\/div>\t\t\t\t\t\t\t\t<\/div>\n\t\t\t\t<\/div>\n\t\t\t\t\t<\/div>\n\t\t\t\t<\/div>\n\t\t<div class=\"elementor-element elementor-element-86d61a7 e-grid e-con-boxed e-con e-parent\" data-id=\"86d61a7\" data-element_type=\"container\">\n\t\t\t\t\t<div class=\"e-con-inner\">\n\t\t\t\t<div class=\"elementor-element elementor-element-a783aa2 elementor-widget elementor-widget-text-editor\" data-id=\"a783aa2\" data-element_type=\"widget\" data-widget_type=\"text-editor.default\">\n\t\t\t\t<div class=\"elementor-widget-container\">\n\t\t\t\t\t\t\t\t\t<div style=\"text-align: center;\"><h3><strong><span style=\"font-size: x-large;\">Otv\u00e1racie\u00a0 \u00a0hodiny\u00a0\u00a0<\/span><\/strong><\/h3><h3><strong><span style=\"font-size: x-large;\"><br \/><\/span><span style=\"font-size: 20px;\">Pondelok\u00a0 \u00a0 \u00a0zatvoren\u00e9\u00a0 \u00a0<\/span><\/strong><\/h3><h3><strong><span style=\"font-size: 20px;\">Utorok\u00a0 \u00a0 \u00a0 10:00 &#8211; 15:00<\/span><\/strong><\/h3><h3><strong><span style=\"font-size: 20px;\">Streda\u00a0 \u00a0 \u00a0 10:00 &#8211; 15:00<\/span><\/strong><\/h3><h3><strong><span style=\"font-size: 20px;\">\u0160tvrtok\u00a0 \u00a0 \u00a010:00 &#8211; 15:00<\/span><\/strong><\/h3><h3><strong><span style=\"font-size: 20px;\">Piatok\u00a0 \u00a0 \u00a0 \u00a010:00 &#8211; 15:00<\/span><\/strong><\/h3><h3><strong><span style=\"font-size: 20px;\">Sobota\u00a0 \u00a0 \u00a0 08:00 &#8211; 12:00<\/span><\/strong><\/h3><h3><strong><span style=\"font-size: 20px;\">Nede\u013ea\u00a0 \u00a0 \u00a0 \u00a0 \u00a0zatvoren\u00e9\u00a0 \u00a0\u00a0<\/span><\/strong><\/h3><\/div>\t\t\t\t\t\t\t\t<\/div>\n\t\t\t\t<\/div>\n\t\t\t\t<div class=\"elementor-element elementor-element-4d3e98d elementor-widget elementor-widget-google_maps\" data-id=\"4d3e98d\" data-element_type=\"widget\" data-widget_type=\"google_maps.default\">\n\t\t\t\t<div class=\"elementor-widget-container\">\n\t\t\t\t\t\t\t<div class=\"elementor-custom-embed\">\n\t\t\t<iframe loading=\"lazy\"\n\t\t\t\t\tsrc=\"https:\/\/maps.google.com\/maps?q=Kvetin%C3%A1rstvo%20JANKA%20Leopoldov&#038;t=m&#038;z=10&#038;output=embed&#038;iwloc=near\"\n\t\t\t\t\ttitle=\"Kvetin\u00e1rstvo JANKA Leopoldov\"\n\t\t\t\t\taria-label=\"Kvetin\u00e1rstvo JANKA Leopoldov\"\n\t\t\t><\/iframe>\n\t\t<\/div>\n\t\t\t\t\t\t<\/div>\n\t\t\t\t<\/div>\n\t\t\t\t\t<\/div>\n\t\t\t\t<\/div>\n\t\t\t\t<\/div>\n\t\t","protected":false},"excerpt":{"rendered":"<p>M\u00e1ria Petrusov\u00e1 Kvetin\u00e1rstvo JANKA N\u00e1m. sv. Ign\u00e1ca 13, Dom slu\u017eieb,&nbsp;Leopoldov,&nbsp;920 41 Tel : +421 904 654 222 e-mail: kvety@leopoldov.net I\u010cO: 37253140 DI\u010c: 1045986084 Otv\u00e1racie\u00a0 \u00a0hodiny\u00a0\u00a0 Pondelok\u00a0 \u00a0 \u00a0zatvoren\u00e9\u00a0 \u00a0 Utorok\u00a0 \u00a0 \u00a0 10:00 &#8211; 15:00 Streda\u00a0 \u00a0 \u00a0 10:00 &#8211; 15:00 \u0160tvrtok\u00a0 \u00a0 \u00a010:00 &#8211; 15:00 Piatok\u00a0 \u00a0 \u00a0 \u00a010:00 &#8211; 15:00 Sobota\u00a0 \u00a0 \u00a0 [&hellip;]<\/p>\n","protected":false},"author":1,"featured_media":0,"parent":0,"menu_order":0,"comment_status":"closed","ping_status":"closed","template":"","meta":{"ngg_post_thumbnail":0,"footnotes":""},"class_list":["post-92","page","type-page","status-publish","hentry"],"_links":{"self":[{"href":"https:\/\/kvety.leopoldov.net\/index.php\/wp-json\/wp\/v2\/pages\/92","targetHints":{"allow":["GET"]}}],"collection":[{"href":"https:\/\/kvety.leopoldov.net\/index.php\/wp-json\/wp\/v2\/pages"}],"about":[{"href":"https:\/\/kvety.leopoldov.net\/index.php\/wp-json\/wp\/v2\/types\/page"}],"author":[{"embeddable":true,"href":"https:\/\/kvety.leopoldov.net\/index.php\/wp-json\/wp\/v2\/users\/1"}],"replies":[{"embeddable":true,"href":"https:\/\/kvety.leopoldov.net\/index.php\/wp-json\/wp\/v2\/comments?post=92"}],"version-history":[{"count":55,"href":"https:\/\/kvety.leopoldov.net\/index.php\/wp-json\/wp\/v2\/pages\/92\/revisions"}],"predecessor-version":[{"id":448,"href":"https:\/\/kvety.leopoldov.net\/index.php\/wp-json\/wp\/v2\/pages\/92\/revisions\/448"}],"wp:attachment":[{"href":"https:\/\/kvety.leopoldov.net\/index.php\/wp-json\/wp\/v2\/media?parent=92"}],"curies":[{"name":"wp","href":"https:\/\/api.w.org\/{rel}","templated":true}]}}